{"id":22,"date":"2024-12-19T23:50:27","date_gmt":"2024-12-19T22:50:27","guid":{"rendered":"https:\/\/lunablu.ch\/?page_id=22"},"modified":"2025-03-11T22:48:24","modified_gmt":"2025-03-11T21:48:24","slug":"impressum","status":"publish","type":"page","link":"https:\/\/lunablu.ch\/en\/impressum\/","title":{"rendered":"Imprint"},"content":{"rendered":"<div data-elementor-type=\"wp-page\" data-elementor-id=\"22\" class=\"elementor elementor-22\" data-elementor-post-type=\"page\">\n\t\t\t\t<div class=\"elementor-element elementor-element-d297d98 e-flex e-con-boxed e-con e-parent\" data-id=\"d297d98\" data-element_type=\"container\" data-settings=\"{&quot;background_background&quot;:&quot;classic&quot;}\">\n\t\t\t\t\t<div class=\"e-con-inner\">\n\t\t<div class=\"elementor-element elementor-element-6b4e21c e-con-full e-flex e-con e-child\" data-id=\"6b4e21c\" data-element_type=\"container\">\n\t\t\t\t<div class=\"elementor-element elementor-element-055a617 elementor-widget elementor-widget-heading\" data-id=\"055a617\" data-element_type=\"widget\" data-widget_type=\"heading.default\">\n\t\t\t\t<div class=\"elementor-widget-container\">\n\t\t\t\t\t<h2 class=\"elementor-heading-title elementor-size-default\">Imprint<\/h2>\t\t\t\t<\/div>\n\t\t\t\t<\/div>\n\t\t\t\t<div class=\"elementor-element elementor-element-60dee81 elementor-icon-list--layout-inline elementor-align-center elementor-list-item-link-full_width elementor-widget elementor-widget-icon-list\" data-id=\"60dee81\" data-element_type=\"widget\" data-widget_type=\"icon-list.default\">\n\t\t\t\t<div class=\"elementor-widget-container\">\n\t\t\t\t\t\t\t<ul class=\"elementor-icon-list-items elementor-inline-items\">\n\t\t\t\t\t\t\t<li class=\"elementor-icon-list-item elementor-inline-item\">\n\t\t\t\t\t\t\t\t\t\t<span class=\"elementor-icon-list-text\">Home<\/span>\n\t\t\t\t\t\t\t\t\t<\/li>\n\t\t\t\t\t\t\t\t<li class=\"elementor-icon-list-item elementor-inline-item\">\n\t\t\t\t\t\t\t\t\t\t\t<span class=\"elementor-icon-list-icon\">\n\t\t\t\t\t\t\t<i aria-hidden=\"true\" class=\"jki jki-angle-right-solid\"><\/i>\t\t\t\t\t\t<\/span>\n\t\t\t\t\t\t\t\t\t\t<span class=\"elementor-icon-list-text\">Contact<\/span>\n\t\t\t\t\t\t\t\t\t<\/li>\n\t\t\t\t\t\t<\/ul>\n\t\t\t\t\t\t<\/div>\n\t\t\t\t<\/div>\n\t\t\t\t<\/div>\n\t\t\t\t\t<\/div>\n\t\t\t\t<\/div>\n\t\t<div class=\"elementor-element elementor-element-4b6c163 e-flex e-con-boxed e-con e-parent\" data-id=\"4b6c163\" data-element_type=\"container\">\n\t\t\t\t\t<div class=\"e-con-inner\">\n\t\t\t\t<div class=\"elementor-element elementor-element-b44e38d elementor-widget elementor-widget-text-editor\" data-id=\"b44e38d\" data-element_type=\"widget\" data-widget_type=\"text-editor.default\">\n\t\t\t\t<div class=\"elementor-widget-container\">\n\t\t\t\t\t\t\t\t\t<p data-start=\"17\" data-end=\"111\"><strong data-start=\"17\" data-end=\"44\">LunaBlu Waxing &amp; Beauty<\/strong><br data-start=\"44\" data-end=\"47\" \/>Owner: Vera Ulrich<br data-start=\"69\" data-end=\"72\" \/>Aegeristrasse 24<br data-start=\"88\" data-end=\"91\" \/>6300 Zug<br data-start=\"99\" data-end=\"102\" \/>Switzerland<\/p><p data-start=\"113\" data-end=\"209\"><strong data-start=\"113\" data-end=\"125\">Contact:<\/strong><br data-start=\"125\" data-end=\"128\" \/>Phone: +41 78 742 51 61<br data-start=\"153\" data-end=\"156\" \/>E-Mail: <a rel=\"noopener\" data-start=\"164\" data-end=\"207\">info@lunablue.ch<\/a><\/p><p data-start=\"211\" data-end=\"254\"><strong data-start=\"211\" data-end=\"232\">Corporate form:<\/strong><br data-start=\"232\" data-end=\"235\" \/>Sole proprietorship<\/p><p data-start=\"319\" data-end=\"542\"><strong data-start=\"319\" data-end=\"342\">Disclaimer of liability:<\/strong><br data-start=\"342\" data-end=\"345\" \/>The content of this website has been compiled with the greatest possible care. Nevertheless, we cannot guarantee that the information provided is correct, complete and up-to-date.<\/p><p data-start=\"544\" data-end=\"742\"><strong data-start=\"544\" data-end=\"562\">External links:<\/strong><br data-start=\"562\" data-end=\"565\" \/>This website may contain links to external third-party websites. We accept no liability for the content of these sites, as they are beyond our control.<\/p><p data-start=\"744\" data-end=\"987\"><strong data-start=\"744\" data-end=\"761\">Copyright:<\/strong><br data-start=\"761\" data-end=\"764\" \/>The content and works published on this website are protected by copyright. Any use, reproduction or distribution requires the prior written consent of LunaBlu Waxing &amp; Beauty.<\/p><p data-start=\"989\" data-end=\"1043\"><strong data-start=\"989\" data-end=\"1007\">Place of jurisdiction:<\/strong><br data-start=\"1007\" data-end=\"1010\" \/>The place of jurisdiction is Zug, Switzerland.<\/p>\t\t\t\t\t\t\t\t<\/div>\n\t\t\t\t<\/div>\n\t\t\t\t\t<\/div>\n\t\t\t\t<\/div>\n\t\t\t\t<\/div>","protected":false},"excerpt":{"rendered":"<p>Impressum Home Contact LunaBlu Waxing &amp; BeautyInhaberin: Vera UlrichAegeristrasse 246300 ZugSchweiz Kontakt:Telefon: +41 78 742 51 61E-Mail: info@lunablue.ch Unternehmensform:Einzelunternehmen Haftungsausschluss:Die Inhalte dieser Website wurden mit gr\u00f6\u00dftm\u00f6glicher Sorgfalt erstellt. Dennoch \u00fcbernehmen wir keine Gew\u00e4hr f\u00fcr die Richtigkeit, Vollst\u00e4ndigkeit und Aktualit\u00e4t der bereitgestellten Informationen. Externe Links:Diese Website kann Links zu externen Websites Dritter enthalten. F\u00fcr den Inhalt [&hellip;]<\/p>","protected":false},"author":1,"featured_media":0,"parent":0,"menu_order":0,"comment_status":"closed","ping_status":"closed","template":"","meta":{"site-sidebar-layout":"no-sidebar","site-content-layout":"","ast-site-content-layout":"full-width-container","site-content-style":"default","site-sidebar-style":"default","ast-global-header-display":"","ast-banner-title-visibility":"","ast-main-header-display":"","ast-hfb-above-header-display":"","ast-hfb-below-header-display":"","ast-hfb-mobile-header-display":"","site-post-title":"disabled","ast-breadcrumbs-content":"","ast-featured-img":"disabled","footer-sml-layout":"","theme-transparent-header-meta":"","adv-header-id-meta":"","stick-header-meta":"","header-above-stick-meta":"","header-main-stick-meta":"","header-below-stick-meta":"","astra-migrate-meta-layouts":"default","ast-page-background-enabled":"default","ast-page-background-meta":{"desktop":{"background-color":"var(--ast-global-color-4)","background-image":"","background-repeat":"repeat","background-position":"center center","background-size":"auto","background-attachment":"scroll","background-type":"","background-media":"","overlay-type":"","overlay-color":"","overlay-opacity":"","overlay-gradient":""},"tablet":{"background-color":"","background-image":"","background-repeat":"repeat","background-position":"center center","background-size":"auto","background-attachment":"scroll","background-type":"","background-media":"","overlay-type":"","overlay-color":"","overlay-opacity":"","overlay-gradient":""},"mobile":{"background-color":"","background-image":"","background-repeat":"repeat","background-position":"center center","background-size":"auto","background-attachment":"scroll","background-type":"","background-media":"","overlay-type":"","overlay-color":"","overlay-opacity":"","overlay-gradient":""}},"ast-content-background-meta":{"desktop":{"background-color":"var(--ast-global-color-5)","background-image":"","background-repeat":"repeat","background-position":"center center","background-size":"auto","background-attachment":"scroll","background-type":"","background-media":"","overlay-type":"","overlay-color":"","overlay-opacity":"","overlay-gradient":""},"tablet":{"background-color":"var(--ast-global-color-5)","background-image":"","background-repeat":"repeat","background-position":"center center","background-size":"auto","background-attachment":"scroll","background-type":"","background-media":"","overlay-type":"","overlay-color":"","overlay-opacity":"","overlay-gradient":""},"mobile":{"background-color":"var(--ast-global-color-5)","background-image":"","background-repeat":"repeat","background-position":"center center","background-size":"auto","background-attachment":"scroll","background-type":"","background-media":"","overlay-type":"","overlay-color":"","overlay-opacity":"","overlay-gradient":""}},"footnotes":""},"class_list":["post-22","page","type-page","status-publish","hentry"],"_links":{"self":[{"href":"https:\/\/lunablu.ch\/en\/wp-json\/wp\/v2\/pages\/22","targetHints":{"allow":["GET"]}}],"collection":[{"href":"https:\/\/lunablu.ch\/en\/wp-json\/wp\/v2\/pages"}],"about":[{"href":"https:\/\/lunablu.ch\/en\/wp-json\/wp\/v2\/types\/page"}],"author":[{"embeddable":true,"href":"https:\/\/lunablu.ch\/en\/wp-json\/wp\/v2\/users\/1"}],"replies":[{"embeddable":true,"href":"https:\/\/lunablu.ch\/en\/wp-json\/wp\/v2\/comments?post=22"}],"version-history":[{"count":10,"href":"https:\/\/lunablu.ch\/en\/wp-json\/wp\/v2\/pages\/22\/revisions"}],"predecessor-version":[{"id":1281,"href":"https:\/\/lunablu.ch\/en\/wp-json\/wp\/v2\/pages\/22\/revisions\/1281"}],"wp:attachment":[{"href":"https:\/\/lunablu.ch\/en\/wp-json\/wp\/v2\/media?parent=22"}],"curies":[{"name":"wp","href":"https:\/\/api.w.org\/{rel}","templated":true}]}}